{"id":2,"date":"2012-02-11T16:35:29","date_gmt":"2012-02-11T16:35:29","guid":{"rendered":"https:\/\/www.maxime-gillio.com\/maxime-gillio\/?page_id=2"},"modified":"2023-12-01T14:03:38","modified_gmt":"2023-12-01T13:03:38","slug":"lauteur","status":"publish","type":"page","link":"https:\/\/www.maxime-gillio.com\/maxime-gillio\/lauteur\/","title":{"rendered":"Maxime Gillio, l&rsquo;auteur"},"content":{"rendered":"<p>[et_pb_section fb_built=\u00a0\u00bb1&Prime; fullwidth=\u00a0\u00bbon\u00a0\u00bb custom_padding_last_edited=\u00a0\u00bbon|desktop\u00a0\u00bb admin_label=\u00a0\u00bbSection\u00a0\u00bb _builder_version=\u00a0\u00bb4.16&Prime; background_color=\u00a0\u00bb#143333&Prime; custom_padding_tablet=\u00a0\u00bb50px|0|50px|0&Prime; custom_padding_phone=\u00a0\u00bb50px|0|50px|0&Prime; transparent_background=\u00a0\u00bboff\u00a0\u00bb padding_mobile=\u00a0\u00bboff\u00a0\u00bb make_fullwidth=\u00a0\u00bboff\u00a0\u00bb use_custom_width=\u00a0\u00bboff\u00a0\u00bb width_unit=\u00a0\u00bbon\u00a0\u00bb global_colors_info=\u00a0\u00bb{}\u00a0\u00bb][et_pb_fullwidth_post_title meta=\u00a0\u00bboff\u00a0\u00bb featured_image=\u00a0\u00bboff\u00a0\u00bb text_background=\u00a0\u00bbon\u00a0\u00bb text_bg_color=\u00a0\u00bbrgba(221,217,217,0)\u00a0\u00bb admin_label=\u00a0\u00bbTitre du poste en pleine largeur\u00a0\u00bb _builder_version=\u00a0\u00bb4.16&Prime; title_text_color=\u00a0\u00bb#d1b61f\u00a0\u00bb title_font_size=\u00a0\u00bb34px\u00a0\u00bb title_all_caps=\u00a0\u00bboff\u00a0\u00bb background_color=\u00a0\u00bb#353535&Prime; parallax=\u00a0\u00bbon\u00a0\u00bb parallax_method=\u00a0\u00bboff\u00a0\u00bb custom_padding=\u00a0\u00bb|||-20px\u00a0\u00bb parallax_effect=\u00a0\u00bbon\u00a0\u00bb module_bg_color=\u00a0\u00bb#353535&Prime; use_border_color=\u00a0\u00bboff\u00a0\u00bb border_color=\u00a0\u00bb#ffffff\u00a0\u00bb border_style=\u00a0\u00bbsolid\u00a0\u00bb global_colors_info=\u00a0\u00bb{}\u00a0\u00bb] [\/et_pb_fullwidth_post_title][\/et_pb_section][et_pb_section fb_built=\u00a0\u00bb1&Prime; admin_label=\u00a0\u00bbsection\u00a0\u00bb _builder_version=\u00a0\u00bb4.16&Prime; global_colors_info=\u00a0\u00bb{}\u00a0\u00bb][et_pb_row disabled_on=\u00a0\u00bbon|on|on\u00a0\u00bb admin_label=\u00a0\u00bbrow\u00a0\u00bb _builder_version=\u00a0\u00bb4.16&Prime; background_size=\u00a0\u00bbinitial\u00a0\u00bb background_position=\u00a0\u00bbtop_left\u00a0\u00bb background_repeat=\u00a0\u00bbrepeat\u00a0\u00bb disabled=\u00a0\u00bbon\u00a0\u00bb global_colors_info=\u00a0\u00bb{}\u00a0\u00bb][et_pb_column type=\u00a0\u00bb4_4&Prime; _builder_version=\u00a0\u00bb4.16&Prime; custom_padding=\u00a0\u00bb|||\u00a0\u00bb global_colors_info=\u00a0\u00bb{}\u00a0\u00bb custom_padding__hover=\u00a0\u00bb|||\u00a0\u00bb][et_pb_text admin_label=\u00a0\u00bbTexte\u00a0\u00bb _builder_version=\u00a0\u00bb4.23.1&Prime; background_size=\u00a0\u00bbinitial\u00a0\u00bb background_position=\u00a0\u00bbtop_left\u00a0\u00bb background_repeat=\u00a0\u00bbrepeat\u00a0\u00bb use_border_color=\u00a0\u00bboff\u00a0\u00bb border_color=\u00a0\u00bb#ffffff\u00a0\u00bb border_style=\u00a0\u00bbsolid\u00a0\u00bb global_colors_info=\u00a0\u00bb{}\u00a0\u00bb]<div id=\"attachment_974\" style=\"width: 310px\" class=\"wp-caption alignleft\"><a href=\"https:\/\/www.maxime-gillio.com\/maxime-gillio\/wp-content\/uploads\/2018\/11\/maxime-gillio.jpg\"><img loading=\"lazy\" decoding=\"async\" aria-describedby=\"caption-attachment-974\" class=\"wp-image-974 size-medium\" style=\"border: 1px solid grey; margin: 10px;\" title=\"Maxime Gillio\" src=\"https:\/\/www.maxime-gillio.com\/maxime-gillio\/wp-content\/uploads\/2018\/11\/maxime-gillio-300x200.jpg\" alt=\"Maxime Gillio\" width=\"300\" height=\"200\" srcset=\"https:\/\/www.maxime-gillio.com\/maxime-gillio\/wp-content\/uploads\/2018\/11\/maxime-gillio-300x200.jpg 300w, https:\/\/www.maxime-gillio.com\/maxime-gillio\/wp-content\/uploads\/2018\/11\/maxime-gillio-768x511.jpg 768w, https:\/\/www.maxime-gillio.com\/maxime-gillio\/wp-content\/uploads\/2018\/11\/maxime-gillio-1024x681.jpg 1024w, https:\/\/www.maxime-gillio.com\/maxime-gillio\/wp-content\/uploads\/2018\/11\/maxime-gillio-600x399.jpg 600w, https:\/\/www.maxime-gillio.com\/maxime-gillio\/wp-content\/uploads\/2018\/11\/maxime-gillio-1080x719.jpg 1080w, https:\/\/www.maxime-gillio.com\/maxime-gillio\/wp-content\/uploads\/2018\/11\/maxime-gillio.jpg 1503w\" sizes=\"(max-width: 300px) 100vw, 300px\" \/><\/a><p id=\"caption-attachment-974\" class=\"wp-caption-text\">Photo : Astrid di Crollalanza<\/p><\/div><\/p>\n<p align=\"JUSTIFY\">Maxime Gillio a d\u00e9but\u00e9 sa vie professionnelle dans l\u2019enseignement (prof de fran\u00e7ais, \u00e9videmment\u2026) avant de rendre son tablier au bout de douze ann\u00e9es de sacerdoce.<\/p>\n<p align=\"JUSTIFY\">D\u00e9sormais romancier et directeur de collection, pas moyen de quitter les lettres.<\/p>\n<p align=\"JUSTIFY\">Il a longtemps privil\u00e9gi\u00e9 le polar avant de passer \u00e0 la saga historique, avec un d\u00e9tour par le roman <i>feel good<\/i>, quelques incartades du c\u00f4t\u00e9 du sc\u00e9nario de BD, et il semble s\u2019\u00eatre install\u00e9 durablement en litt\u00e9rature jeunesse depuis maintenant quatre ans.<\/p>\n<p align=\"JUSTIFY\">Il ne faut jamais lui proposer un nouveau projet, sous peine de le voir aussit\u00f4t accepter. D\u2019aucuns diraient qu\u2019il est faible et ne sait pas dire non. Il pr\u00e9f\u00e8re r\u00e9pondre qu\u2019il a l\u2019intention de mourir riche de ses exp\u00e9riences. Mais le plus tard possible.<\/p>\n<p>&nbsp;<\/p>\n<p>[\/et_pb_text][\/et_pb_column][\/et_pb_row][et_pb_row column_structure=\u00a0\u00bb1_2,1_2&Prime; _builder_version=\u00a0\u00bb4.23.1&Prime; _module_preset=\u00a0\u00bbdefault\u00a0\u00bb custom_margin=\u00a0\u00bb||||false|false\u00a0\u00bb custom_padding=\u00a0\u00bb5%|5%|5%|5%|true|true\u00a0\u00bb hover_enabled=\u00a0\u00bb0&Prime; global_colors_info=\u00a0\u00bb{}\u00a0\u00bb sticky_enabled=\u00a0\u00bb0&Prime;][et_pb_column type=\u00a0\u00bb1_2&Prime; _builder_version=\u00a0\u00bb4.23.1&Prime; _module_preset=\u00a0\u00bbdefault\u00a0\u00bb global_colors_info=\u00a0\u00bb{}\u00a0\u00bb][et_pb_image src=\u00a0\u00bbhttps:\/\/www.maxime-gillio.com\/maxime-gillio\/wp-content\/uploads\/2018\/11\/maxime-gillio.jpg\u00a0\u00bb alt=\u00a0\u00bbMaxime Gillio\u00a0\u00bb title_text=\u00a0\u00bbmaxime-gillio\u00a0\u00bb _builder_version=\u00a0\u00bb4.23.1&Prime; _module_preset=\u00a0\u00bbdefault\u00a0\u00bb global_colors_info=\u00a0\u00bb{}\u00a0\u00bb][\/et_pb_image][et_pb_text _builder_version=\u00a0\u00bb4.23.1&Prime; _module_preset=\u00a0\u00bbdefault\u00a0\u00bb global_colors_info=\u00a0\u00bb{}\u00a0\u00bb]<\/p>\n<p>Photo : Astrid di Crollalanza<\/p>\n<p>[\/et_pb_text][\/et_pb_column][et_pb_column type=\u00a0\u00bb1_2&Prime; _builder_version=\u00a0\u00bb4.23.1&Prime; _module_preset=\u00a0\u00bbdefault\u00a0\u00bb custom_padding=\u00a0\u00bb|||5%|false|false\u00a0\u00bb global_colors_info=\u00a0\u00bb{}\u00a0\u00bb][et_pb_text admin_label=\u00a0\u00bbTexte\u00a0\u00bb _builder_version=\u00a0\u00bb4.23.1&Prime; background_size=\u00a0\u00bbinitial\u00a0\u00bb background_position=\u00a0\u00bbtop_left\u00a0\u00bb background_repeat=\u00a0\u00bbrepeat\u00a0\u00bb use_border_color=\u00a0\u00bboff\u00a0\u00bb border_color=\u00a0\u00bb#ffffff\u00a0\u00bb border_style=\u00a0\u00bbsolid\u00a0\u00bb global_colors_info=\u00a0\u00bb{}\u00a0\u00bb]<\/p>\n<p align=\"JUSTIFY\">Maxime Gillio a d\u00e9but\u00e9 sa vie professionnelle dans l\u2019enseignement (prof de fran\u00e7ais, \u00e9videmment\u2026) avant de rendre son tablier au bout de douze ann\u00e9es de sacerdoce.<\/p>\n<p align=\"JUSTIFY\">D\u00e9sormais romancier et directeur de collection, pas moyen de quitter les lettres.<\/p>\n<p align=\"JUSTIFY\">Il a longtemps privil\u00e9gi\u00e9 le polar avant de passer \u00e0 la saga historique, avec un d\u00e9tour par le roman <i>feel good<\/i>, quelques incartades du c\u00f4t\u00e9 du sc\u00e9nario de BD, et il semble s\u2019\u00eatre install\u00e9 durablement en litt\u00e9rature jeunesse depuis maintenant quatre ans.<\/p>\n<p align=\"JUSTIFY\">Il ne faut jamais lui proposer un nouveau projet, sous peine de le voir aussit\u00f4t accepter. D\u2019aucuns diraient qu\u2019il est faible et ne sait pas dire non. Il pr\u00e9f\u00e8re r\u00e9pondre qu\u2019il a l\u2019intention de mourir riche de ses exp\u00e9riences. Mais le plus tard possible.<\/p>\n<p>&nbsp;<\/p>\n<p>[\/et_pb_text][\/et_pb_column][\/et_pb_row][\/et_pb_section]<\/p>\n","protected":false},"excerpt":{"rendered":"<p>Maxime Gillio a d\u00e9but\u00e9 sa vie professionnelle dans l\u2019enseignement (prof de fran\u00e7ais, \u00e9videmment\u2026) avant de rendre son tablier au bout de douze ann\u00e9es de sacerdoce. D\u00e9sormais romancier et directeur de [&hellip;]<\/p>\n","protected":false},"author":1,"featured_media":974,"parent":0,"menu_order":0,"comment_status":"open","ping_status":"open","template":"","meta":{"_acf_changed":false,"_et_pb_use_builder":"on","_et_pb_old_content":"<p style=\"text-align: justify;\"><a href=\"https:\/\/www.maxime-gillio.com\/maxime-gillio\/wp-content\/uploads\/2012\/02\/Maxime.jpg\"><img class=\"size-medium wp-image-148    alignleft\" style=\"border: 1px solid grey; margin: 10px;\" title=\"Maxime Gillio\" src=\"https:\/\/www.maxime-gillio.com\/maxime-gillio\/wp-content\/uploads\/2012\/02\/Maxime-300x200.jpg\" alt=\"Maxime Gillio\" width=\"300\" height=\"200\" \/><\/a>\r\nA d\u00e9but\u00e9 sa vie professionnelle dans l\u2019enseignement avant de rendre son tablier au bout de douze ann\u00e9es de sacerdoce. Comme il en avait assez de corriger les copies de ses \u00e9l\u00e8ves, il s\u2019est dit qu\u2019il allait faire carr\u00e9ment autre chose.<\/p>\r\n<p style=\"text-align: justify;\">Peine perdue, il corrige d\u00e9sormais ses propres fautes et celles de ses nouveaux coll\u00e8gues au sein de l\u2019agence de promotion des livres qu\u2019il a fond\u00e9e avec deux amis. Correcteur, chroniqueur, r\u00e9dacteur, organisateur d\u2019\u00e9v\u00e9nements litt\u00e9raires\u2026 pas moyen de quitter les lettres, m\u00eame si celles-ci sont d\u00e9sormais de noblesse.<\/p>\r\n<p style=\"text-align: justify;\">Neuf romans publi\u00e9s pour l\u2019instant, certains d\u2019une noirceur extr\u00eame, d\u2019autres compl\u00e8tement d\u00e9jant\u00e9s, sous son nom ou sous d\u2019autres.<\/p>\r\n<p style=\"text-align: justify;\">A longtemps privil\u00e9gi\u00e9 le polar avant de passer \u00e0 la saga historique et au roman gore avec un d\u00e9tour par la case jeunesse afin de soigner son hyperactivit\u00e9 chronique. Surnomm\u00e9 \u00ab\u00a0Henri III\u00a0\u00bb pour sa capacit\u00e9 \u00e0 enfiler les pages avec une constance qui force l\u2019admiration.<\/p>\r\n<p style=\"text-align: justify;\">D\u00e9teste donner l\u2019impression qu\u2019\u00e9crire n\u00e9cessite de la sueur, car l\u2019\u00e9l\u00e9gance consiste \u00e0 ne pas montrer ses aur\u00e9oles sous les bras quand on sert la soupe. Ce doit \u00eatre la raison pour laquelle il ne se d\u00e9partit jamais de ses pulls hideux \u2013 mais f\u00e9tiches \u2013 lorsqu\u2019il se met \u00e0 son bureau.<\/p>\r\n<p style=\"text-align: justify;\">Photo : Copyright : Les pictographistes<\/p>\r\n\u00a0","_et_gb_content_width":"","om_disable_all_campaigns":false,"_monsterinsights_skip_tracking":false,"_monsterinsights_sitenote_active":false,"_monsterinsights_sitenote_note":"","_monsterinsights_sitenote_category":0,"_uf_show_specific_survey":0,"_uf_disable_surveys":false,"footnotes":""},"class_list":["post-2","page","type-page","status-publish","has-post-thumbnail","hentry"],"acf":[],"_links":{"self":[{"href":"https:\/\/www.maxime-gillio.com\/maxime-gillio\/wp-json\/wp\/v2\/pages\/2","targetHints":{"allow":["GET"]}}],"collection":[{"href":"https:\/\/www.maxime-gillio.com\/maxime-gillio\/wp-json\/wp\/v2\/pages"}],"about":[{"href":"https:\/\/www.maxime-gillio.com\/maxime-gillio\/wp-json\/wp\/v2\/types\/page"}],"author":[{"embeddable":true,"href":"https:\/\/www.maxime-gillio.com\/maxime-gillio\/wp-json\/wp\/v2\/users\/1"}],"replies":[{"embeddable":true,"href":"https:\/\/www.maxime-gillio.com\/maxime-gillio\/wp-json\/wp\/v2\/comments?post=2"}],"version-history":[{"count":10,"href":"https:\/\/www.maxime-gillio.com\/maxime-gillio\/wp-json\/wp\/v2\/pages\/2\/revisions"}],"predecessor-version":[{"id":1324,"href":"https:\/\/www.maxime-gillio.com\/maxime-gillio\/wp-json\/wp\/v2\/pages\/2\/revisions\/1324"}],"wp:featuredmedia":[{"embeddable":true,"href":"https:\/\/www.maxime-gillio.com\/maxime-gillio\/wp-json\/wp\/v2\/media\/974"}],"wp:attachment":[{"href":"https:\/\/www.maxime-gillio.com\/maxime-gillio\/wp-json\/wp\/v2\/media?parent=2"}],"curies":[{"name":"wp","href":"https:\/\/api.w.org\/{rel}","templated":true}]}}